{"id":7,"date":"2021-04-12T14:59:44","date_gmt":"2021-04-12T12:59:44","guid":{"rendered":"https:\/\/newiterlimo.bozze.com\/?page_id=7"},"modified":"2025-06-27T15:23:15","modified_gmt":"2025-06-27T13:23:15","slug":"cookie-policy","status":"publish","type":"page","link":"https:\/\/newiterlimo.bozze.com\/it\/cookie-policy\/","title":{"rendered":"Cookie Policy"},"content":{"rendered":"\t\t<div data-elementor-type=\"wp-page\" data-elementor-id=\"7\" class=\"elementor elementor-7\" data-elementor-post-type=\"page\">\n\t\t\t\t\t\t<section class=\"elementor-section elementor-top-section elementor-element elementor-element-67e2667 elementor-section-boxed elementor-section-height-default elementor-section-height-default\" data-id=\"67e2667\" data-element_type=\"section\">\n\t\t\t\t\t\t<div class=\"elementor-container elementor-column-gap-default\">\n\t\t\t\t\t<div class=\"elementor-column elementor-col-100 elementor-top-column elementor-element elementor-element-e1c0965\" data-id=\"e1c0965\" data-element_type=\"column\">\n\t\t\t<div class=\"elementor-widget-wrap elementor-element-populated\">\n\t\t\t\t\t\t<div class=\"elementor-element elementor-element-15dfb23 elementor-widget elementor-widget-heading\" data-id=\"15dfb23\" data-element_type=\"widget\" data-widget_type=\"heading.default\">\n\t\t\t\t<div class=\"elementor-widget-container\">\n\t\t\t\t\t<h1 class=\"elementor-heading-title elementor-size-default\">Cookies Policy<\/h1>\t\t\t\t<\/div>\n\t\t\t\t<\/div>\n\t\t\t\t<div class=\"elementor-element elementor-element-3b90d01 elementor-widget elementor-widget-text-editor\" data-id=\"3b90d01\" data-element_type=\"widget\" data-widget_type=\"text-editor.default\">\n\t\t\t\t<div class=\"elementor-widget-container\">\n\t\t\t\t\t\t\t\t\t<p>Al fine di rendere i propri servizi il pi\u00f9 possibile efficienti e semplici da utilizzare questo Sito fa uso di cookies. Pertanto, quando si visita il Sito, viene inserita una quantit\u00e0 minima di informazioni nel dispositivo dell\u2019Utente, come piccoli file di testo chiamati \u201ccookie\u201d, che vengono salvati nella directory del browser Web dell\u2019Utente. Esistono diversi tipi di cookie, ma sostanzialmente lo scopo principale di un cookie \u00e8 quello di far funzionare pi\u00f9 efficacemente il Sito e di abilitarne determinate funzionalit\u00e0.<\/p><p>I cookie sono utilizzati per migliorare la navigazione globale dell\u2019Utente. In particolare:<\/p><ul><li>Consentono di navigare in modo efficiente da una pagina all\u2019altra del sito Web.<\/li><li>Memorizzano il nome utente e le preferenze inserite.<\/li><li>Consentono di evitare di inserire le stesse informazioni (come nome utente e password) pi\u00f9 volte durante la visita.<\/li><li>Misurano l\u2019utilizzo dei servizi da parte degli Utenti, per ottimizzare l\u2019esperienza di navigazione e i servizi stessi.<\/li><li>Presentano informazioni pubblicitarie mirate in funzione degli interessi e del comportamento manifestato dall\u2019Utente durante la navigazione.<\/li><\/ul><p>Esistono vari tipi di cookie. Qui di seguito sono riportati i tipi cookie che possono essere utilizzati nel Sito con una descrizione della finalit\u00e0 legata all\u2019uso.<\/p><p><strong>Cookie tecnici<\/strong><\/p><p>I cookie di questo tipo sono necessari per il corretto funzionamento di alcune aree del sito. I cookie di questa categoria comprendono sia cookie persistenti che cookie di sessione. In assenza di tali cookie, il sito o alcune porzioni di esso potrebbero non funzionare correttamente. Pertanto, vengono sempre utilizzati, indipendentemente dalle preferenze dall\u2019utente. I cookie di questa categoria vengono sempre inviati dal nostro dominio.<\/p><p><strong>Cookie analitici<\/strong><\/p><p>I cookie di questo tipo vengono utilizzati per raccogliere informazioni sull\u2019utilizzo del sito. Il Titolare usa tali informazioni per analisi statistiche, per migliorare il sito e semplificarne l\u2019utilizzo, oltre che per monitorarne il corretto funzionamento. Questo tipo di cookie raccoglie informazioni in forma anonima sull\u2019attivit\u00e0 degli utenti nel sito e sul modo in cui sono arrivati al Sito e alle pagine visitate. I cookie di questa categoria vengono inviati dal Sito stesso o da domini di terze parti.<\/p><p><strong>Cookie di rilevamento di terze parti<\/strong><\/p><p>I cookie di questo tipo vengono utilizzati per raccogliere informazioni sull\u2019utilizzo del sito Web da parte dei visitatori, le parole chiave usate per raggiungere il sito, i siti Web visitati e le origini del traffico da cui provengono i visitatori per le campagne di marketing. Il titolare pu\u00f2 utilizzare tali informazioni per compilare rapporti e migliorare il Sito. I cookie raccolgono informazioni in forma anonima. I cookie di questo tipo vengono inviati dal Sito stesso o da domini di terze parti.<\/p><p><strong>Cookie per l\u2019integrazione di funzionalit\u00e0 di terze parti<\/strong><\/p><p>I cookie di questo tipo vengono utilizzati per integrare funzionalit\u00e0 di terze parti nel Sito (ad esempio, moduli per i commenti o icone di social network che consentono ai visitatori di condividere il contenuto del sito). I cookie di questa categoria possono essere inviati dai domini dei siti partner o che comunque offrono le funzionalit\u00e0 presenti nel sito.<\/p><p>Il Titolare non \u00e8 tenuto a richiedere il consenso dell\u2019utente per i cookie tecnici, poich\u00e9 questi sono strettamente necessari per la fornitura del servizio.<br \/>Per le altre tipologie di cookie il consenso pu\u00f2 essere espresso dall\u2019Utente, conformemente alla normativa vigente, mediante specifiche configurazioni del browser e di programmi informatici o di dispositivi che siano di facile e chiara utilizzabilit\u00e0 per l\u2019Utente. Il Titolare ricorda all\u2019Utente che \u00e8 possibile modificare le preferenze relative ai cookie in qualsiasi momento. \u00c8 anche possibile disabilitare in qualsiasi momento i cookie dal browser , ma questa operazione potrebbe impedire all\u2019Utente di utilizzare alcune parti del Sito.<\/p><p><strong>Siti Web di terze parti<\/strong><\/p><p>Il sito di contiene collegamenti ad altri siti Web che dispongono di una propria informativa sulla privacy. Queste informative sulla privacy possono essere diverse da quella adottata dal Titolare, che quindi non risponde per Siti di terze parti.<\/p><p>Ai sensi dell\u2019art. 122 secondo comma del D.lgs. 196\/2003 il consenso all\u2019utilizzo di tali cookie \u00e8 espresso dall\u2019interessato mediante il settaggio individuale che ha scelto liberamente per il browser utilizzato per la navigazione nel sito, ferma restando la facolt\u00e0 dell\u2019utente di comunicare in ogni momento al Titolare del trattamento la propria volont\u00e0 in merito ad dati gestiti per il tramite dei cookie che il browser stesso abbia accettato.<\/p><p><strong>Come disabilitare i cookie mediante configurazione del browser<\/strong><\/p><p>Chrome<\/p><ol><li>Eseguire il Browser Chrome<\/li><li>Fare click sul men\u00f9 presente nella barra degli strumenti del browser a fianco della finestra di inserimento url per la navigazione<\/li><li>Selezionare\u00a0<strong>Impostazioni<\/strong><\/li><li>Fare clic su\u00a0<strong>Mostra Impostazioni Avanzate<\/strong><\/li><li>Nella sezione \u201cPrivacy\u201d fare clic su bottone \u201c<strong>Impostazioni contenuti<\/strong>\u201c<\/li><li>Nella sezione \u201cCookie\u201d \u00e8 possibile modificare le seguenti impostazioni relative ai cookie:<ul><li>Consentire il salvataggio dei dati in locale<\/li><li>Modificare i dati locali solo fino alla chiusura del browser<\/li><li>Impedire ai siti di impostare i cookie<\/li><li>Bloccare i cookie di terze parti e i dati dei siti<\/li><li>Gestire le eccezioni per alcuni siti internet<\/li><li>Eliminazione di uno o tutti i cookie<\/li><\/ul><\/li><\/ol><p>Per maggiori informazioni visita la\u00a0<a href=\"https:\/\/support.google.com\/accounts\/answer\/61416?hl=it\" target=\"_blank\" rel=\"noopener noreferrer\">pagina dedicata<\/a>.<\/p><p>Mozilla Firefox<\/p><ol><li>Eseguire il Browser Mozilla Firefox<\/li><li>Fare click sul men\u00f9 presente nella barra degli strumenti del browser a fianco della finestra di inserimento url per la navigazione<\/li><li>Selezionare\u00a0<strong>Opzioni<\/strong><\/li><li>Seleziona il pannello\u00a0<strong>Privacy<\/strong><\/li><li>Fare clic su\u00a0<strong>Mostra Impostazioni Avanzate<\/strong><\/li><li>Nella sezione \u201cPrivacy\u201d fare clic su bottone \u201c<strong>Impostazioni contenuti<\/strong>\u201c<\/li><li>Nella sezione \u201c<strong>Tracciamento<\/strong>\u201d \u00e8 possibile modificare le seguenti impostazioni relative ai cookie:<ul><li>Richiedi ai siti di non effettuare alcun tracciamento<\/li><li>Comunica ai siti la disponibilit\u00e0 ad essere tracciato<\/li><li>Non comunicare alcuna preferenza relativa al tracciamento dei dati personali<\/li><\/ul><\/li><li>Dalla sezione \u201c<strong>Cronologia<\/strong>\u201d \u00e8 possibile:<ul><li>Abilitando \u201cUtilizza impostazioni personalizzate\u201d selezionare di accettare i cookie di terze parti (sempre, dai siti pi\u00f9 visitato o mai) e di conservarli per un periodo determinato (fino alla loro scadenza, alla chiusura di Firefox o di chiedere ogni volta)<\/li><li>Rimuovere i singoli cookie immagazzinati<\/li><\/ul><\/li><\/ol><p>Per maggiori informazioni visita la\u00a0<a href=\"https:\/\/support.mozilla.org\/it-IT\/kb\/enable-and-disable-cookies-website-preferences\" target=\"_blank\" rel=\"noopener noreferrer\">pagina dedicata<\/a>.<\/p><p>Internet Explorer<\/p><ol><li>Eseguire il Browser Internet Explorer<\/li><li>Fare click sul pulsante\u00a0<strong>Strumenti<\/strong>\u00a0e scegliere\u00a0<strong>Opzioni Internet<\/strong><\/li><li>Fare click sulla scheda\u00a0<strong>Privacy<\/strong>\u00a0e nella sezione Impostazioni modificare il dispositivo di scorrimento in funzione dell\u2019azione desiderata per i cookie:<ul><li>Bloccare tutti i cookie<\/li><li>Consentire tutti i cookie<\/li><li>Selezione dei siti da cui ottenere cookie: spostare il cursore in una posizione intermedia in modo da non bloccare o consentire tutti i cookie, premere quindi su Siti, nella casella Indirizzo Sito Web inserire un sito internet e quindi premere su Blocca o Consenti<\/li><\/ul><\/li><\/ol><p>Per maggiori informazioni visita la\u00a0<a href=\"http:\/\/windows.microsoft.com\/it-it\/windows-vista\/block-or-allow-cookies\" target=\"_blank\" rel=\"noopener noreferrer\">pagina dedicata<\/a>.<\/p><p>Safari 6<\/p><ol><li>Eseguire il Browser Safari<\/li><li>Fare click su\u00a0<strong>Safari<\/strong>, selezionare\u00a0<strong>Preferenze<\/strong>\u00a0e premere su\u00a0<strong>Privacy<\/strong><\/li><li>Nella sezione\u00a0<em>Blocca Cookie<\/em>\u00a0specificare come Safari deve accettare i cookie dai siti internet.<\/li><li>Per visionare quali siti hanno immagazzinato i cookie cliccare su\u00a0<strong>Dettagli<\/strong><\/li><\/ol><p>Per maggiori informazioni visita la\u00a0<a href=\"http:\/\/support.apple.com\/kb\/PH17191?viewlocale=it_IT&amp;locale=it_IT\" target=\"_blank\" rel=\"noopener noreferrer\">pagina dedicata<\/a>.<\/p><p>Safari iOS (dispositivi mobile)<\/p><ol><li>Eseguire il Browser Safari iOS<\/li><li>Tocca su\u00a0<strong>Impostazioni<\/strong>\u00a0e poi\u00a0<strong>Safari<\/strong><\/li><li>Tocca su\u00a0<strong>Blocca Cookie<\/strong>\u00a0e scegli tra le varie opzioni: \u201cMai\u201d, \u201cDi terze parti e inserzionisti\u201d o \u201cSempre\u201d<\/li><li>Per cancellare tutti i cookie immagazzinati da Safari, tocca su\u00a0<strong>Impostazioni<\/strong>, poi su\u00a0<strong>Safari<\/strong>\u00a0e infine su\u00a0<strong>Cancella Cookie e dati<\/strong><\/li><\/ol><p>Per maggiori informazioni visita la\u00a0<a href=\"http:\/\/support.apple.com\/kb\/HT1677?utm_source=Agillic%20Dialogue\" target=\"_blank\" rel=\"noopener noreferrer\">pagina dedicata<\/a>.<\/p><p>Opera<\/p><ol><li>Eseguire il Browser Opera<\/li><li>Fare click sul <b>Preferenze <\/b>poi su <b>Avanzate <\/b>e infine su <b>Cookie<\/b><\/li><li>Selezionare una delle seguenti opzioni:<ul><li>Accetta tutti i cookie<\/li><li>Accetta i cookie solo dal sito che si visita: i cookie di terze parti e che vengono inviati da un dominio diverso da quello che si sta visitando verranno rifiutati<\/li><li>Non accettare mai i cookie: tutti i cookie non verranno mai salvati<\/li><\/ul><\/li><\/ol><p>Questa pagina \u00e8 visibile, mediante link in calce in tutte le pagine del Sito ai sensi dell\u2019art. 122 secondo comma del D.lgs. 196\/2003 e a seguito delle modalit\u00e0 semplificate per l\u2019informativa e l\u2019acquisizione del consenso per l\u2019uso dei cookie pubblicata sulla Gazzetta Ufficiale n.126 del 3 giugno 2014 e relativo registro dei provvedimenti n.229 dell\u20198 maggio 2014.<\/p>\t\t\t\t\t\t\t\t<\/div>\n\t\t\t\t<\/div>\n\t\t\t\t\t<\/div>\n\t\t<\/div>\n\t\t\t\t\t<\/div>\n\t\t<\/section>\n\t\t\t\t<\/div>\n\t\t","protected":false},"excerpt":{"rendered":"<p>Cookies Policy Al fine di rendere i propri servizi il pi\u00f9 possibile efficienti e semplici da utilizzare questo Sito fa uso di cookies. Pertanto, quando si visita il Sito, viene inserita una quantit\u00e0 minima di informazioni nel dispositivo dell\u2019Utente, come piccoli file di testo chiamati \u201ccookie\u201d, che vengono salvati nella directory del browser Web dell\u2019Utente. [&hellip;]<\/p>\n","protected":false},"author":1,"featured_media":645,"parent":0,"menu_order":0,"comment_status":"closed","ping_status":"closed","template":"","meta":{"footnotes":""},"class_list":["post-7","page","type-page","status-publish","has-post-thumbnail","hentry"],"yoast_head":"<!-- This site is optimized with the Yoast SEO plugin v25.4 - https:\/\/yoast.com\/wordpress\/plugins\/seo\/ -->\n<title>Cookie Policy - New International Limo<\/title>\n<meta name=\"robots\" content=\"noindex, follow, max-snippet:-1, max-image-preview:large, max-video-preview:-1\" \/>\n<meta property=\"og:locale\" content=\"it_IT\" \/>\n<meta property=\"og:type\" content=\"article\" \/>\n<meta property=\"og:title\" content=\"Cookie Policy - New International Limo\" \/>\n<meta property=\"og:description\" content=\"Cookies Policy Al fine di rendere i propri servizi il pi\u00f9 possibile efficienti e semplici da utilizzare questo Sito fa uso di cookies. Pertanto, quando si visita il Sito, viene inserita una quantit\u00e0 minima di informazioni nel dispositivo dell\u2019Utente, come piccoli file di testo chiamati \u201ccookie\u201d, che vengono salvati nella directory del browser Web dell\u2019Utente. [&hellip;]\" \/>\n<meta property=\"og:url\" content=\"https:\/\/newiterlimo.bozze.com\/it\/cookie-policy\/\" \/>\n<meta property=\"og:site_name\" content=\"New International Limo\" \/>\n<meta property=\"article:modified_time\" content=\"2025-06-27T13:23:15+00:00\" \/>\n<meta property=\"og:image\" content=\"https:\/\/newiterlimo.bozze.com\/wp-content\/uploads\/2025\/06\/share_new-international-limo.webp\" \/>\n\t<meta property=\"og:image:width\" content=\"800\" \/>\n\t<meta property=\"og:image:height\" content=\"600\" \/>\n\t<meta property=\"og:image:type\" content=\"image\/webp\" \/>\n<meta name=\"twitter:card\" content=\"summary_large_image\" \/>\n<script type=\"application\/ld+json\" class=\"yoast-schema-graph\">{\"@context\":\"https:\/\/schema.org\",\"@graph\":[{\"@type\":\"WebPage\",\"@id\":\"https:\/\/newiterlimo.bozze.com\/it\/cookie-policy\/\",\"url\":\"https:\/\/newiterlimo.bozze.com\/it\/cookie-policy\/\",\"name\":\"Cookie Policy - New International Limo\",\"isPartOf\":{\"@id\":\"https:\/\/newiterlimo.bozze.com\/it\/#website\"},\"primaryImageOfPage\":{\"@id\":\"https:\/\/newiterlimo.bozze.com\/it\/cookie-policy\/#primaryimage\"},\"image\":{\"@id\":\"https:\/\/newiterlimo.bozze.com\/it\/cookie-policy\/#primaryimage\"},\"thumbnailUrl\":\"https:\/\/newiterlimo.bozze.com\/wp-content\/uploads\/2025\/06\/share_new-international-limo.webp\",\"datePublished\":\"2021-04-12T12:59:44+00:00\",\"dateModified\":\"2025-06-27T13:23:15+00:00\",\"breadcrumb\":{\"@id\":\"https:\/\/newiterlimo.bozze.com\/it\/cookie-policy\/#breadcrumb\"},\"inLanguage\":\"it-IT\",\"potentialAction\":[{\"@type\":\"ReadAction\",\"target\":[\"https:\/\/newiterlimo.bozze.com\/it\/cookie-policy\/\"]}]},{\"@type\":\"ImageObject\",\"inLanguage\":\"it-IT\",\"@id\":\"https:\/\/newiterlimo.bozze.com\/it\/cookie-policy\/#primaryimage\",\"url\":\"https:\/\/newiterlimo.bozze.com\/wp-content\/uploads\/2025\/06\/share_new-international-limo.webp\",\"contentUrl\":\"https:\/\/newiterlimo.bozze.com\/wp-content\/uploads\/2025\/06\/share_new-international-limo.webp\",\"width\":800,\"height\":600,\"caption\":\"The New International Limo - The new concept of luxury travel\"},{\"@type\":\"BreadcrumbList\",\"@id\":\"https:\/\/newiterlimo.bozze.com\/it\/cookie-policy\/#breadcrumb\",\"itemListElement\":[{\"@type\":\"ListItem\",\"position\":1,\"name\":\"Home\",\"item\":\"https:\/\/newiterlimo.bozze.com\/it\/\"},{\"@type\":\"ListItem\",\"position\":2,\"name\":\"Cookie Policy\"}]},{\"@type\":\"WebSite\",\"@id\":\"https:\/\/newiterlimo.bozze.com\/it\/#website\",\"url\":\"https:\/\/newiterlimo.bozze.com\/it\/\",\"name\":\"New International Limo\",\"description\":\"The New Concept Of Luxury Travel\",\"publisher\":{\"@id\":\"https:\/\/newiterlimo.bozze.com\/it\/#organization\"},\"potentialAction\":[{\"@type\":\"SearchAction\",\"target\":{\"@type\":\"EntryPoint\",\"urlTemplate\":\"https:\/\/newiterlimo.bozze.com\/it\/?s={search_term_string}\"},\"query-input\":{\"@type\":\"PropertyValueSpecification\",\"valueRequired\":true,\"valueName\":\"search_term_string\"}}],\"inLanguage\":\"it-IT\"},{\"@type\":\"Organization\",\"@id\":\"https:\/\/newiterlimo.bozze.com\/it\/#organization\",\"name\":\"New International Limo\",\"url\":\"https:\/\/newiterlimo.bozze.com\/it\/\",\"logo\":{\"@type\":\"ImageObject\",\"inLanguage\":\"it-IT\",\"@id\":\"https:\/\/newiterlimo.bozze.com\/it\/#\/schema\/logo\/image\/\",\"url\":\"https:\/\/newiterlimo.bozze.com\/wp-content\/uploads\/2021\/04\/logo_new-internationla-limo.jpg\",\"contentUrl\":\"https:\/\/newiterlimo.bozze.com\/wp-content\/uploads\/2021\/04\/logo_new-internationla-limo.jpg\",\"width\":152,\"height\":152,\"caption\":\"New International Limo\"},\"image\":{\"@id\":\"https:\/\/newiterlimo.bozze.com\/it\/#\/schema\/logo\/image\/\"}}]}<\/script>\n<!-- \/ Yoast SEO plugin. -->","yoast_head_json":{"title":"Cookie Policy - New International Limo","robots":{"index":"noindex","follow":"follow","max-snippet":"max-snippet:-1","max-image-preview":"max-image-preview:large","max-video-preview":"max-video-preview:-1"},"og_locale":"it_IT","og_type":"article","og_title":"Cookie Policy - New International Limo","og_description":"Cookies Policy Al fine di rendere i propri servizi il pi\u00f9 possibile efficienti e semplici da utilizzare questo Sito fa uso di cookies. Pertanto, quando si visita il Sito, viene inserita una quantit\u00e0 minima di informazioni nel dispositivo dell\u2019Utente, come piccoli file di testo chiamati \u201ccookie\u201d, che vengono salvati nella directory del browser Web dell\u2019Utente. [&hellip;]","og_url":"https:\/\/newiterlimo.bozze.com\/it\/cookie-policy\/","og_site_name":"New International Limo","article_modified_time":"2025-06-27T13:23:15+00:00","og_image":[{"width":800,"height":600,"url":"https:\/\/newiterlimo.bozze.com\/wp-content\/uploads\/2025\/06\/share_new-international-limo.webp","type":"image\/webp"}],"twitter_card":"summary_large_image","schema":{"@context":"https:\/\/schema.org","@graph":[{"@type":"WebPage","@id":"https:\/\/newiterlimo.bozze.com\/it\/cookie-policy\/","url":"https:\/\/newiterlimo.bozze.com\/it\/cookie-policy\/","name":"Cookie Policy - New International Limo","isPartOf":{"@id":"https:\/\/newiterlimo.bozze.com\/it\/#website"},"primaryImageOfPage":{"@id":"https:\/\/newiterlimo.bozze.com\/it\/cookie-policy\/#primaryimage"},"image":{"@id":"https:\/\/newiterlimo.bozze.com\/it\/cookie-policy\/#primaryimage"},"thumbnailUrl":"https:\/\/newiterlimo.bozze.com\/wp-content\/uploads\/2025\/06\/share_new-international-limo.webp","datePublished":"2021-04-12T12:59:44+00:00","dateModified":"2025-06-27T13:23:15+00:00","breadcrumb":{"@id":"https:\/\/newiterlimo.bozze.com\/it\/cookie-policy\/#breadcrumb"},"inLanguage":"it-IT","potentialAction":[{"@type":"ReadAction","target":["https:\/\/newiterlimo.bozze.com\/it\/cookie-policy\/"]}]},{"@type":"ImageObject","inLanguage":"it-IT","@id":"https:\/\/newiterlimo.bozze.com\/it\/cookie-policy\/#primaryimage","url":"https:\/\/newiterlimo.bozze.com\/wp-content\/uploads\/2025\/06\/share_new-international-limo.webp","contentUrl":"https:\/\/newiterlimo.bozze.com\/wp-content\/uploads\/2025\/06\/share_new-international-limo.webp","width":800,"height":600,"caption":"The New International Limo - The new concept of luxury travel"},{"@type":"BreadcrumbList","@id":"https:\/\/newiterlimo.bozze.com\/it\/cookie-policy\/#breadcrumb","itemListElement":[{"@type":"ListItem","position":1,"name":"Home","item":"https:\/\/newiterlimo.bozze.com\/it\/"},{"@type":"ListItem","position":2,"name":"Cookie Policy"}]},{"@type":"WebSite","@id":"https:\/\/newiterlimo.bozze.com\/it\/#website","url":"https:\/\/newiterlimo.bozze.com\/it\/","name":"New International Limo","description":"The New Concept Of Luxury Travel","publisher":{"@id":"https:\/\/newiterlimo.bozze.com\/it\/#organization"},"potentialAction":[{"@type":"SearchAction","target":{"@type":"EntryPoint","urlTemplate":"https:\/\/newiterlimo.bozze.com\/it\/?s={search_term_string}"},"query-input":{"@type":"PropertyValueSpecification","valueRequired":true,"valueName":"search_term_string"}}],"inLanguage":"it-IT"},{"@type":"Organization","@id":"https:\/\/newiterlimo.bozze.com\/it\/#organization","name":"New International Limo","url":"https:\/\/newiterlimo.bozze.com\/it\/","logo":{"@type":"ImageObject","inLanguage":"it-IT","@id":"https:\/\/newiterlimo.bozze.com\/it\/#\/schema\/logo\/image\/","url":"https:\/\/newiterlimo.bozze.com\/wp-content\/uploads\/2021\/04\/logo_new-internationla-limo.jpg","contentUrl":"https:\/\/newiterlimo.bozze.com\/wp-content\/uploads\/2021\/04\/logo_new-internationla-limo.jpg","width":152,"height":152,"caption":"New International Limo"},"image":{"@id":"https:\/\/newiterlimo.bozze.com\/it\/#\/schema\/logo\/image\/"}}]}},"_links":{"self":[{"href":"https:\/\/newiterlimo.bozze.com\/it\/wp-json\/wp\/v2\/pages\/7","targetHints":{"allow":["GET"]}}],"collection":[{"href":"https:\/\/newiterlimo.bozze.com\/it\/wp-json\/wp\/v2\/pages"}],"about":[{"href":"https:\/\/newiterlimo.bozze.com\/it\/wp-json\/wp\/v2\/types\/page"}],"author":[{"embeddable":true,"href":"https:\/\/newiterlimo.bozze.com\/it\/wp-json\/wp\/v2\/users\/1"}],"replies":[{"embeddable":true,"href":"https:\/\/newiterlimo.bozze.com\/it\/wp-json\/wp\/v2\/comments?post=7"}],"version-history":[{"count":13,"href":"https:\/\/newiterlimo.bozze.com\/it\/wp-json\/wp\/v2\/pages\/7\/revisions"}],"predecessor-version":[{"id":41,"href":"https:\/\/newiterlimo.bozze.com\/it\/wp-json\/wp\/v2\/pages\/7\/revisions\/41"}],"wp:featuredmedia":[{"embeddable":true,"href":"https:\/\/newiterlimo.bozze.com\/it\/wp-json\/wp\/v2\/media\/645"}],"wp:attachment":[{"href":"https:\/\/newiterlimo.bozze.com\/it\/wp-json\/wp\/v2\/media?parent=7"}],"curies":[{"name":"wp","href":"https:\/\/api.w.org\/{rel}","templated":true}]}}